{"id":830,"date":"2026-03-18T11:44:37","date_gmt":"2026-03-18T04:44:37","guid":{"rendered":"https:\/\/montarnite.demo-meweb.top\/benefits-differential\/"},"modified":"2026-04-24T15:30:04","modified_gmt":"2026-04-24T08:30:04","slug":"loi-ich-su-khac-biet","status":"publish","type":"page","link":"https:\/\/montarnite.demo-meweb.top\/vi\/loi-ich-su-khac-biet\/","title":{"rendered":"L\u1ee3i \u00edch &#038; S\u1ef1 kh\u00e1c bi\u1ec7t"},"content":{"rendered":"<p>[et_pb_section fb_built=&#8221;1&#8243; admin_label=&#8221;Key Features&#8221; _builder_version=&#8221;4.27.6&#8243; _module_preset=&#8221;default&#8221; background_color=&#8221;gcid-heading-color&#8221; background_image=&#8221;https:\/\/montarnite.demo-meweb.top\/wp-content\/uploads\/2026\/03\/Packaging-Process.webp&#8221; custom_margin_tablet=&#8221;-1px||||false|false&#8221; custom_margin_phone=&#8221;-2px||||false|false&#8221; custom_margin_last_edited=&#8221;on|tablet&#8221; locked=&#8221;off&#8221; global_colors_info=&#8221;{%22gcid-heading-color%22:%91%22background_color%22%93}&#8221;][et_pb_row _builder_version=&#8221;4.27.6&#8243; _module_preset=&#8221;default&#8221; locked=&#8221;off&#8221; global_colors_info=&#8221;{}&#8221;][et_pb_column type=&#8221;4_4&#8243; _builder_version=&#8221;4.27.6&#8243; _module_preset=&#8221;default&#8221; custom_css_main_element=&#8221;text-align: center;&#8221; global_colors_info=&#8221;{}&#8221;][et_pb_heading title=&#8221;L\u00fd do Montarnite\u00ae kh\u00e1c bi\u1ec7t&#8221; admin_label=&#8221;H2&#8243; module_class=&#8221;h-two &#8221; _builder_version=&#8221;4.27.6&#8243; _module_preset=&#8221;default&#8221; title_level=&#8221;h2&#8243; title_font=&#8221;||||||||&#8221; title_text_align=&#8221;center&#8221; title_font_size=&#8221;45px&#8221; title_line_height=&#8221;1.3em&#8221; custom_margin=&#8221;||0px||false|false&#8221; hover_enabled=&#8221;0&#8243; title_font_size_tablet=&#8221;38px&#8221; title_font_size_phone=&#8221;28px&#8221; title_font_size_last_edited=&#8221;on|tablet&#8221; locked=&#8221;off&#8221; global_colors_info=&#8221;{}&#8221; sticky_enabled=&#8221;0&#8243;][\/et_pb_heading][\/et_pb_column][\/et_pb_row][et_pb_row column_structure=&#8221;1_2,1_2&#8243; use_custom_gutter=&#8221;on&#8221; gutter_width=&#8221;2&#8243; make_equal=&#8221;on&#8221; _builder_version=&#8221;4.27.6&#8243; _module_preset=&#8221;default&#8221; custom_padding=&#8221;0px||||false|false&#8221; global_colors_info=&#8221;{}&#8221;][et_pb_column type=&#8221;1_2&#8243; _builder_version=&#8221;4.27.6&#8243; _module_preset=&#8221;default&#8221; background_color=&#8221;rgba(255,255,255,0.2)&#8221; border_radii=&#8221;on|30px|30px|30px|30px&#8221; border_width_all=&#8221;1px&#8221; border_color_all=&#8221;gcid-secondary-color&#8221; global_colors_info=&#8221;{%22gcid-secondary-color%22:%91%22border_color_all%22%93}&#8221;][et_pb_image src=&#8221;https:\/\/montarnite.demo-meweb.top\/wp-content\/uploads\/2026\/03\/Reasons-Why-Montarnite-1.webp&#8221; show_bottom_space=&#8221;off&#8221; force_fullwidth=&#8221;on&#8221; _builder_version=&#8221;4.27.6&#8243; _module_preset=&#8221;default&#8221; custom_margin=&#8221;||20px||false|false&#8221; global_colors_info=&#8221;{}&#8221;][\/et_pb_image][et_pb_text _builder_version=&#8221;4.27.6&#8243; _module_preset=&#8221;default&#8221; header_3_text_color=&#8221;gcid-primary-color&#8221; text_orientation=&#8221;center&#8221; background_layout=&#8221;dark&#8221; custom_padding=&#8221;|20px|20px|20px|false|true&#8221; hover_enabled=&#8221;0&#8243; header_3_font_size_tablet=&#8221;20px&#8221; header_3_font_size_phone=&#8221;18px&#8221; header_3_font_size_last_edited=&#8221;on|phone&#8221; global_colors_info=&#8221;{%22gcid-primary-color%22:%91%22header_3_text_color%22%93}&#8221; sticky_enabled=&#8221;0&#8243;]<\/p>\n<h3>Thi\u1ebft k\u1ebf kho\u00e1ng ch\u1ee9c n\u0103ng<\/h3>\n<p>Montarnite\u00ae cung c\u1ea5p c\u00e1c ion thi\u1ebft y\u1ebfu trong c\u1ea5u tr\u00fac c\u00e2n b\u1eb1ng v\u00e0 ph\u00f9 h\u1ee3p v\u1edbi h\u1ec7 th\u1ed1ng, h\u1ed7 tr\u1ee3 sinh l\u00fd c\u1ee7a t\u00f4m m\u00e0 kh\u00f4ng g\u00e2y th\u00eam \u00e1p l\u1ef1c l\u00ean h\u1ec7 sinh h\u1ecdc.[\/et_pb_text][\/et_pb_column][et_pb_column type=&#8221;1_2&#8243; _builder_version=&#8221;4.27.6&#8243; _module_preset=&#8221;default&#8221; background_color=&#8221;rgba(255,255,255,0.2)&#8221; border_radii=&#8221;on|30px|30px|30px|30px&#8221; border_width_all=&#8221;1px&#8221; border_color_all=&#8221;gcid-secondary-color&#8221; global_colors_info=&#8221;{%22gcid-secondary-color%22:%91%22border_color_all%22%93}&#8221;][et_pb_image src=&#8221;https:\/\/montarnite.demo-meweb.top\/wp-content\/uploads\/2026\/03\/Reasons-Why-Montarnite-2.webp&#8221; title_text=&#8221;Re&#8221; show_bottom_space=&#8221;off&#8221; force_fullwidth=&#8221;on&#8221; _builder_version=&#8221;4.27.6&#8243; _module_preset=&#8221;default&#8221; custom_margin=&#8221;||20px||false|false&#8221; global_colors_info=&#8221;{}&#8221;][\/et_pb_image][et_pb_text _builder_version=&#8221;4.27.6&#8243; _module_preset=&#8221;default&#8221; header_3_text_color=&#8221;gcid-primary-color&#8221; text_orientation=&#8221;center&#8221; background_layout=&#8221;dark&#8221; custom_padding=&#8221;|20px|20px|20px|false|true&#8221; hover_enabled=&#8221;0&#8243; header_3_font_size_tablet=&#8221;20px&#8221; header_3_font_size_phone=&#8221;18px&#8221; header_3_font_size_last_edited=&#8221;on|phone&#8221; global_colors_info=&#8221;{%22gcid-primary-color%22:%91%22header_3_text_color%22%93}&#8221; sticky_enabled=&#8221;0&#8243;]<\/p>\n<h3>\u0110\u1ed9 \u1ed5n \u0111\u1ecbnh c\u1ee7a n\u01b0\u1edbc l\u00e0 nguy\u00ean t\u1eafc c\u1ed1t l\u00f5i<\/h3>\n<p>M\u00f4i tr\u01b0\u1eddng kho\u00e1ng \u1ed5n \u0111\u1ecbnh gi\u00fap duy tr\u00ec c\u00e2n b\u1eb1ng th\u1ea9m th\u1ea5u v\u00e0 gi\u1ea3m c\u0103ng th\u1eb3ng do bi\u1ebfn \u0111\u1ed9ng m\u00f4i tr\u01b0\u1eddng g\u00e2y ra.<\/p>\n<p>[\/et_pb_text][\/et_pb_column][\/et_pb_row][et_pb_row column_structure=&#8221;1_2,1_2&#8243; use_custom_gutter=&#8221;on&#8221; gutter_width=&#8221;2&#8243; make_equal=&#8221;on&#8221; _builder_version=&#8221;4.27.6&#8243; _module_preset=&#8221;default&#8221; custom_padding=&#8221;0px||||false|false&#8221; global_colors_info=&#8221;{}&#8221;][et_pb_column type=&#8221;1_2&#8243; _builder_version=&#8221;4.27.6&#8243; _module_preset=&#8221;default&#8221; background_color=&#8221;rgba(255,255,255,0.2)&#8221; border_radii=&#8221;on|30px|30px|30px|30px&#8221; border_width_all=&#8221;1px&#8221; border_color_all=&#8221;gcid-secondary-color&#8221; global_colors_info=&#8221;{%22gcid-secondary-color%22:%91%22border_color_all%22%93}&#8221;][et_pb_image src=&#8221;https:\/\/montarnite.demo-meweb.top\/wp-content\/uploads\/2026\/03\/Reasons-Why-Montarnite-3.webp&#8221; show_bottom_space=&#8221;off&#8221; force_fullwidth=&#8221;on&#8221; _builder_version=&#8221;4.27.6&#8243; _module_preset=&#8221;default&#8221; custom_margin=&#8221;||20px||false|false&#8221; global_colors_info=&#8221;{}&#8221;][\/et_pb_image][et_pb_text _builder_version=&#8221;4.27.6&#8243; _module_preset=&#8221;default&#8221; header_3_text_color=&#8221;gcid-primary-color&#8221; text_orientation=&#8221;center&#8221; background_layout=&#8221;dark&#8221; custom_padding=&#8221;|20px|20px|20px|false|true&#8221; hover_enabled=&#8221;0&#8243; header_3_font_size_tablet=&#8221;20px&#8221; header_3_font_size_phone=&#8221;18px&#8221; header_3_font_size_last_edited=&#8221;on|phone&#8221; global_colors_info=&#8221;{%22gcid-primary-color%22:%91%22header_3_text_color%22%93}&#8221; sticky_enabled=&#8221;0&#8243;]<\/p>\n<h3>H\u1ed7 tr\u1ee3 l\u1ed9t x\u00e1c v\u00e0 t\u0103ng c\u01b0\u1eddng \u0111\u1ed9 c\u1ee9ng v\u1ecf<\/h3>\n<p>S\u1ef1 hi\u1ec7n di\u1ec7n c\u1ee7a magi\u00ea v\u00e0 canxi h\u1ed7 tr\u1ee3 qu\u00e1 tr\u00ecnh l\u1ed9t x\u00e1c \u0111\u00fang c\u00e1ch v\u00e0 gi\u00fap ph\u1ee5c h\u1ed3i nhanh h\u01a1n sau khi l\u1ed9t x\u00e1c.<\/p>\n<p>[\/et_pb_text][\/et_pb_column][et_pb_column type=&#8221;1_2&#8243; _builder_version=&#8221;4.27.6&#8243; _module_preset=&#8221;default&#8221; background_color=&#8221;rgba(255,255,255,0.2)&#8221; border_radii=&#8221;on|30px|30px|30px|30px&#8221; border_width_all=&#8221;1px&#8221; border_color_all=&#8221;gcid-secondary-color&#8221; global_colors_info=&#8221;{%22gcid-secondary-color%22:%91%22border_color_all%22%93}&#8221;][et_pb_image src=&#8221;https:\/\/montarnite.demo-meweb.top\/wp-content\/uploads\/2026\/03\/Reasons-Why-Montarnite-4.webp&#8221; show_bottom_space=&#8221;off&#8221; force_fullwidth=&#8221;on&#8221; _builder_version=&#8221;4.27.6&#8243; _module_preset=&#8221;default&#8221; custom_margin=&#8221;||20px||false|false&#8221; global_colors_info=&#8221;{}&#8221;][\/et_pb_image][et_pb_text _builder_version=&#8221;4.27.6&#8243; _module_preset=&#8221;default&#8221; header_3_text_color=&#8221;gcid-primary-color&#8221; text_orientation=&#8221;center&#8221; background_layout=&#8221;dark&#8221; custom_padding=&#8221;|20px|20px|20px|false|true&#8221; hover_enabled=&#8221;0&#8243; header_3_font_size_tablet=&#8221;20px&#8221; header_3_font_size_phone=&#8221;18px&#8221; header_3_font_size_last_edited=&#8221;on|phone&#8221; global_colors_info=&#8221;{%22gcid-primary-color%22:%91%22header_3_text_color%22%93}&#8221; sticky_enabled=&#8221;0&#8243;]<\/p>\n<h3>Gi\u1ea3m ph\u1ee5 thu\u1ed9c v\u00e0o c\u00e1c gi\u1ea3i ph\u00e1p x\u1eed l\u00fd t\u1ee9c th\u1eddi<\/h3>\n<p>V\u1edbi c\u1ea5u tr\u00fac kho\u00e1ng \u1ed5n \u0111\u1ecbnh trong n\u01b0\u1edbc, c\u00e1c trang tr\u1ea1i c\u00f3 th\u1ec3 gi\u1ea3m \u0111\u00e1ng k\u1ec3 nhu c\u1ea7u s\u1eed d\u1ee5ng c\u00e1c bi\u1ec7n ph\u00e1p x\u1eed l\u00fd h\u00f3a ch\u1ea5t kh\u1ea9n c\u1ea5p.<\/p>\n<p>[\/et_pb_text][\/et_pb_column][\/et_pb_row][\/et_pb_section][et_pb_section fb_built=&#8221;1&#8243; admin_label=&#8221;Montarnite\u00ae is not just a typical mineral input,&#8221; _builder_version=&#8221;4.27.6&#8243; _module_preset=&#8221;default&#8221; background_color=&#8221;gcid-heading-color&#8221; background_image=&#8221;https:\/\/montarnite.demo-meweb.top\/wp-content\/uploads\/2026\/03\/About-Montarnite-1.webp&#8221; background_position=&#8221;top_center&#8221; locked=&#8221;off&#8221; global_colors_info=&#8221;{%22gcid-heading-color%22:%91%22background_color%22%93}&#8221;][et_pb_row column_structure=&#8221;1_2,1_2&#8243; use_custom_gutter=&#8221;on&#8221; gutter_width=&#8221;2&#8243; make_equal=&#8221;on&#8221; _builder_version=&#8221;4.27.6&#8243; _module_preset=&#8221;default&#8221; global_colors_info=&#8221;{}&#8221;][et_pb_column type=&#8221;1_2&#8243; _builder_version=&#8221;4.27.6&#8243; _module_preset=&#8221;default&#8221; global_colors_info=&#8221;{}&#8221;][et_pb_heading title=&#8221;L\u1ee3i \u00edch \u1edf c\u1ea5p \u0111\u1ed9 trang tr\u1ea1i&#8221; admin_label=&#8221;H2&#8243; module_class=&#8221;h-two &#8221; _builder_version=&#8221;4.27.6&#8243; _module_preset=&#8221;default&#8221; title_level=&#8221;h2&#8243; title_font=&#8221;||||||||&#8221; title_font_size=&#8221;45px&#8221; title_line_height=&#8221;1.3em&#8221; custom_margin=&#8221;||15px||false|false&#8221; hover_enabled=&#8221;0&#8243; title_font_size_tablet=&#8221;38px&#8221; title_font_size_phone=&#8221;28px&#8221; title_font_size_last_edited=&#8221;on|tablet&#8221; locked=&#8221;off&#8221; global_colors_info=&#8221;{}&#8221; sticky_enabled=&#8221;0&#8243;][\/et_pb_heading][et_pb_blurb image=&#8221;https:\/\/montarnite.demo-meweb.top\/wp-content\/uploads\/2026\/03\/check.svg&#8221; icon_placement=&#8221;left&#8221; image_icon_width=&#8221;32px&#8221; module_class=&#8221;blurbten&#8221; _builder_version=&#8221;4.27.6&#8243; _module_preset=&#8221;default&#8221; body_font=&#8221;&#8211;et_global_body_font|500|||||||&#8221; image_icon_custom_margin=&#8221;-3px||||false|false&#8221; background_layout=&#8221;dark&#8221; custom_margin=&#8221;||10px||false|false&#8221; hover_enabled=&#8221;0&#8243; body_font_size_tablet=&#8221;18px&#8221; body_font_size_phone=&#8221;16px&#8221; body_font_size_last_edited=&#8221;off|desktop&#8221; locked=&#8221;off&#8221; global_colors_info=&#8221;{}&#8221; sticky_enabled=&#8221;0&#8243;]<\/p>\n<p>C\u1ea3i thi\u1ec7n \u0111\u1ed9 \u1ed5n \u0111\u1ecbnh c\u1ee7a n\u01b0\u1edbc<\/p>\n<p>[\/et_pb_blurb][et_pb_blurb image=&#8221;https:\/\/montarnite.demo-meweb.top\/wp-content\/uploads\/2026\/03\/check.svg&#8221; icon_placement=&#8221;left&#8221; image_icon_width=&#8221;32px&#8221; module_class=&#8221;blurbten&#8221; _builder_version=&#8221;4.27.6&#8243; _module_preset=&#8221;default&#8221; body_font=&#8221;&#8211;et_global_body_font|500|||||||&#8221; image_icon_custom_margin=&#8221;-3px||||false|false&#8221; background_layout=&#8221;dark&#8221; custom_margin=&#8221;||10px||false|false&#8221; hover_enabled=&#8221;0&#8243; body_font_size_tablet=&#8221;18px&#8221; body_font_size_phone=&#8221;16px&#8221; body_font_size_last_edited=&#8221;off|desktop&#8221; locked=&#8221;off&#8221; global_colors_info=&#8221;{}&#8221; sticky_enabled=&#8221;0&#8243;]T\u00f4m kh\u1ecfe h\u01a1n v\u1edbi kh\u1ea3 n\u0103ng ch\u1ed1ng ch\u1ecbu stress t\u1ed1t h\u01a1n[\/et_pb_blurb][et_pb_blurb image=&#8221;https:\/\/montarnite.demo-meweb.top\/wp-content\/uploads\/2026\/03\/check.svg&#8221; icon_placement=&#8221;left&#8221; image_icon_width=&#8221;32px&#8221; module_class=&#8221;blurbten&#8221; _builder_version=&#8221;4.27.6&#8243; _module_preset=&#8221;default&#8221; body_font=&#8221;&#8211;et_global_body_font|500|||||||&#8221; image_icon_custom_margin=&#8221;-3px||||false|false&#8221; background_layout=&#8221;dark&#8221; custom_margin=&#8221;||10px||false|false&#8221; hover_enabled=&#8221;0&#8243; body_font_size_tablet=&#8221;18px&#8221; body_font_size_phone=&#8221;16px&#8221; body_font_size_last_edited=&#8221;off|desktop&#8221; locked=&#8221;off&#8221; global_colors_info=&#8221;{}&#8221; sticky_enabled=&#8221;0&#8243;]L\u1ed9t x\u00e1c \u1ed5n \u0111\u1ecbnh v\u00e0 h\u00ecnh th\u00e0nh v\u1ecf ch\u1eafc h\u01a1n[\/et_pb_blurb][et_pb_blurb image=&#8221;https:\/\/montarnite.demo-meweb.top\/wp-content\/uploads\/2026\/03\/check.svg&#8221; icon_placement=&#8221;left&#8221; image_icon_width=&#8221;32px&#8221; module_class=&#8221;blurbten&#8221; _builder_version=&#8221;4.27.6&#8243; _module_preset=&#8221;default&#8221; body_font=&#8221;&#8211;et_global_body_font|500|||||||&#8221; image_icon_custom_margin=&#8221;-3px||||false|false&#8221; background_layout=&#8221;dark&#8221; custom_margin=&#8221;||10px||false|false&#8221; hover_enabled=&#8221;0&#8243; body_font_size_tablet=&#8221;18px&#8221; body_font_size_phone=&#8221;16px&#8221; body_font_size_last_edited=&#8221;off|desktop&#8221; locked=&#8221;off&#8221; global_colors_info=&#8221;{}&#8221; sticky_enabled=&#8221;0&#8243;]T\u0103ng tr\u01b0\u1edfng \u0111\u1ed3ng \u0111\u1ec1u trong to\u00e0n ao[\/et_pb_blurb][et_pb_blurb image=&#8221;https:\/\/montarnite.demo-meweb.top\/wp-content\/uploads\/2026\/03\/check.svg&#8221; icon_placement=&#8221;left&#8221; image_icon_width=&#8221;32px&#8221; module_class=&#8221;blurbten&#8221; _builder_version=&#8221;4.27.6&#8243; _module_preset=&#8221;default&#8221; body_font=&#8221;&#8211;et_global_body_font|500|||||||&#8221; image_icon_custom_margin=&#8221;-3px||||false|false&#8221; background_layout=&#8221;dark&#8221; custom_margin=&#8221;||10px||false|false&#8221; hover_enabled=&#8221;0&#8243; body_font_size_tablet=&#8221;18px&#8221; body_font_size_phone=&#8221;16px&#8221; body_font_size_last_edited=&#8221;off|desktop&#8221; locked=&#8221;off&#8221; global_colors_info=&#8221;{}&#8221; sticky_enabled=&#8221;0&#8243;]T\u1ef7 l\u1ec7 s\u1ed1ng cao h\u01a1n[\/et_pb_blurb][et_pb_blurb image=&#8221;https:\/\/montarnite.demo-meweb.top\/wp-content\/uploads\/2026\/03\/check.svg&#8221; icon_placement=&#8221;left&#8221; image_icon_width=&#8221;32px&#8221; module_class=&#8221;blurbten&#8221; _builder_version=&#8221;4.27.6&#8243; _module_preset=&#8221;default&#8221; body_font=&#8221;&#8211;et_global_body_font|500|||||||&#8221; image_icon_custom_margin=&#8221;-3px||||false|false&#8221; background_layout=&#8221;dark&#8221; custom_margin=&#8221;||10px||false|false&#8221; hover_enabled=&#8221;0&#8243; body_font_size_tablet=&#8221;18px&#8221; body_font_size_phone=&#8221;16px&#8221; body_font_size_last_edited=&#8221;off|desktop&#8221; locked=&#8221;off&#8221; global_colors_info=&#8221;{}&#8221; sticky_enabled=&#8221;0&#8243;]Hi\u1ec7u qu\u1ea3 chi ph\u00ed t\u1ed1t h\u01a1n trong d\u00e0i h\u1ea1n[\/et_pb_blurb][et_pb_text _builder_version=&#8221;4.27.6&#8243; _module_preset=&#8221;default&#8221; background_layout=&#8221;dark&#8221; hover_enabled=&#8221;0&#8243; locked=&#8221;off&#8221; global_colors_info=&#8221;{}&#8221; sticky_enabled=&#8221;0&#8243;]Montarnite\u00ae gi\u00fap ng\u01b0\u1eddi nu\u00f4i qu\u1ea3n l\u00fd h\u1ec7 th\u1ed1ng m\u1ed9t c\u00e1ch ch\u1ee7 \u0111\u1ed9ng, chuy\u1ec3n t\u1eeb vi\u1ec7c x\u1eed l\u00fd v\u1ea5n \u0111\u1ec1 b\u1ecb \u0111\u1ed9ng sang c\u00e1ch ti\u1ebfp c\u1eadn hi\u1ec7u qu\u1ea3 h\u01a1n, \u0111\u1ed3ng th\u1eddi \u0111\u1ecbnh h\u00ecnh l\u1ea1i c\u00e1ch c\u00e2n b\u1eb1ng kho\u00e1ng trong nu\u00f4i tr\u1ed3ng th\u1ee7y s\u1ea3n theo h\u01b0\u1edbng hi\u1ec7n \u0111\u1ea1i v\u00e0 b\u1ec1n v\u1eefng.<br \/>\n[\/et_pb_text][\/et_pb_column][et_pb_column type=&#8221;1_2&#8243; _builder_version=&#8221;4.27.6&#8243; _module_preset=&#8221;default&#8221; background_image=&#8221;https:\/\/montarnite.demo-meweb.top\/wp-content\/uploads\/2026\/03\/Farm-Level-Benefits.webp&#8221; border_radii=&#8221;on|30px|30px|30px|30px&#8221; global_colors_info=&#8221;{}&#8221;][et_pb_divider color=&#8221;RGBA(255,255,255,0)&#8221; _builder_version=&#8221;4.27.6&#8243; _module_preset=&#8221;default&#8221; height_tablet=&#8221;400px&#8221; height_phone=&#8221;200px&#8221; height_last_edited=&#8221;on|phone&#8221; global_colors_info=&#8221;{}&#8221;][\/et_pb_divider][\/et_pb_column][\/et_pb_row][\/et_pb_section]<\/p>\n","protected":false},"excerpt":{"rendered":"<p>Thi\u1ebft k\u1ebf kho\u00e1ng ch\u1ee9c n\u0103ng Montarnite\u00ae cung c\u1ea5p c\u00e1c ion thi\u1ebft y\u1ebfu trong c\u1ea5u tr\u00fac c\u00e2n b\u1eb1ng v\u00e0 ph\u00f9 h\u1ee3p v\u1edbi h\u1ec7 th\u1ed1ng, h\u1ed7 tr\u1ee3 sinh l\u00fd c\u1ee7a t\u00f4m m\u00e0 kh\u00f4ng g\u00e2y th\u00eam \u00e1p l\u1ef1c l\u00ean h\u1ec7 sinh h\u1ecdc.\u0110\u1ed9 \u1ed5n \u0111\u1ecbnh c\u1ee7a n\u01b0\u1edbc l\u00e0 nguy\u00ean t\u1eafc c\u1ed1t l\u00f5i M\u00f4i tr\u01b0\u1eddng kho\u00e1ng \u1ed5n \u0111\u1ecbnh gi\u00fap duy [&hellip;]<\/p>\n","protected":false},"author":1,"featured_media":690,"parent":0,"menu_order":0,"comment_status":"closed","ping_status":"closed","template":"","meta":{"_et_pb_use_builder":"on","_et_pb_old_content":"","_et_gb_content_width":"","footnotes":""},"difl_page_category":[],"class_list":["post-830","page","type-page","status-publish","has-post-thumbnail","hentry"],"aioseo_notices":[],"_links":{"self":[{"href":"https:\/\/montarnite.demo-meweb.top\/vi\/wp-json\/wp\/v2\/pages\/830","targetHints":{"allow":["GET"]}}],"collection":[{"href":"https:\/\/montarnite.demo-meweb.top\/vi\/wp-json\/wp\/v2\/pages"}],"about":[{"href":"https:\/\/montarnite.demo-meweb.top\/vi\/wp-json\/wp\/v2\/types\/page"}],"author":[{"embeddable":true,"href":"https:\/\/montarnite.demo-meweb.top\/vi\/wp-json\/wp\/v2\/users\/1"}],"replies":[{"embeddable":true,"href":"https:\/\/montarnite.demo-meweb.top\/vi\/wp-json\/wp\/v2\/comments?post=830"}],"version-history":[{"count":2,"href":"https:\/\/montarnite.demo-meweb.top\/vi\/wp-json\/wp\/v2\/pages\/830\/revisions"}],"predecessor-version":[{"id":1014,"href":"https:\/\/montarnite.demo-meweb.top\/vi\/wp-json\/wp\/v2\/pages\/830\/revisions\/1014"}],"wp:featuredmedia":[{"embeddable":true,"href":"https:\/\/montarnite.demo-meweb.top\/vi\/wp-json\/wp\/v2\/media\/690"}],"wp:attachment":[{"href":"https:\/\/montarnite.demo-meweb.top\/vi\/wp-json\/wp\/v2\/media?parent=830"}],"wp:term":[{"taxonomy":"difl_page_category","embeddable":true,"href":"https:\/\/montarnite.demo-meweb.top\/vi\/wp-json\/wp\/v2\/difl_page_category?post=830"}],"curies":[{"name":"wp","href":"https:\/\/api.w.org\/{rel}","templated":true}]}}