{"id":829,"date":"2026-03-18T11:44:37","date_gmt":"2026-03-18T04:44:37","guid":{"rendered":"https:\/\/montarnite.demo-meweb.top\/benefits-differential\/"},"modified":"2026-04-24T15:27:33","modified_gmt":"2026-04-24T08:27:33","slug":"beneficios-diferenciales","status":"publish","type":"page","link":"https:\/\/montarnite.demo-meweb.top\/es\/beneficios-diferenciales\/","title":{"rendered":"Beneficios &#038; Diferenciales"},"content":{"rendered":"<p>[et_pb_section fb_built=\u00bb1&#8243; admin_label=\u00bbKey Features\u00bb _builder_version=\u00bb4.27.6&#8243; _module_preset=\u00bbdefault\u00bb background_color=\u00bbgcid-heading-color\u00bb background_image=\u00bbhttps:\/\/montarnite.demo-meweb.top\/wp-content\/uploads\/2026\/03\/Packaging-Process.webp\u00bb custom_margin_tablet=\u00bb-1px||||false|false\u00bb custom_margin_phone=\u00bb-2px||||false|false\u00bb custom_margin_last_edited=\u00bbon|tablet\u00bb locked=\u00bboff\u00bb global_colors_info=\u00bb{%22gcid-heading-color%22:%91%22background_color%22%93}\u00bb][et_pb_row _builder_version=\u00bb4.27.6&#8243; _module_preset=\u00bbdefault\u00bb locked=\u00bboff\u00bb global_colors_info=\u00bb{}\u00bb][et_pb_column type=\u00bb4_4&#8243; _builder_version=\u00bb4.27.6&#8243; _module_preset=\u00bbdefault\u00bb custom_css_main_element=\u00bbtext-align: center;\u00bb global_colors_info=\u00bb{}\u00bb][et_pb_heading title=\u00bbRazones por las que Montarnite\u00ae es diferente\u00bb admin_label=\u00bbH2&#8243; module_class=\u00bbh-two \u00bb _builder_version=\u00bb4.27.6&#8243; _module_preset=\u00bbdefault\u00bb title_level=\u00bbh2&#8243; title_font=\u00bb||||||||\u00bb title_text_align=\u00bbcenter\u00bb title_font_size=\u00bb45px\u00bb title_line_height=\u00bb1.3em\u00bb custom_margin=\u00bb||0px||false|false\u00bb hover_enabled=\u00bb0&#8243; title_font_size_tablet=\u00bb38px\u00bb title_font_size_phone=\u00bb28px\u00bb title_font_size_last_edited=\u00bbon|tablet\u00bb locked=\u00bboff\u00bb global_colors_info=\u00bb{}\u00bb sticky_enabled=\u00bb0&#8243;][\/et_pb_heading][\/et_pb_column][\/et_pb_row][et_pb_row column_structure=\u00bb1_2,1_2&#8243; use_custom_gutter=\u00bbon\u00bb gutter_width=\u00bb2&#8243; make_equal=\u00bbon\u00bb _builder_version=\u00bb4.27.6&#8243; _module_preset=\u00bbdefault\u00bb custom_padding=\u00bb0px||||false|false\u00bb global_colors_info=\u00bb{}\u00bb][et_pb_column type=\u00bb1_2&#8243; _builder_version=\u00bb4.27.6&#8243; _module_preset=\u00bbdefault\u00bb background_color=\u00bbrgba(255,255,255,0.2)\u00bb border_radii=\u00bbon|30px|30px|30px|30px\u00bb border_width_all=\u00bb1px\u00bb border_color_all=\u00bbgcid-secondary-color\u00bb global_colors_info=\u00bb{%22gcid-secondary-color%22:%91%22border_color_all%22%93}\u00bb][et_pb_image src=\u00bbhttps:\/\/montarnite.demo-meweb.top\/wp-content\/uploads\/2026\/03\/Reasons-Why-Montarnite-1.webp\u00bb show_bottom_space=\u00bboff\u00bb force_fullwidth=\u00bbon\u00bb _builder_version=\u00bb4.27.6&#8243; _module_preset=\u00bbdefault\u00bb custom_margin=\u00bb||20px||false|false\u00bb global_colors_info=\u00bb{}\u00bb][\/et_pb_image][et_pb_text _builder_version=\u00bb4.27.6&#8243; _module_preset=\u00bbdefault\u00bb header_3_text_color=\u00bbgcid-primary-color\u00bb text_orientation=\u00bbcenter\u00bb background_layout=\u00bbdark\u00bb custom_padding=\u00bb|20px|20px|20px|false|true\u00bb hover_enabled=\u00bb0&#8243; header_3_font_size_tablet=\u00bb20px\u00bb header_3_font_size_phone=\u00bb18px\u00bb header_3_font_size_last_edited=\u00bbon|phone\u00bb global_colors_info=\u00bb{%22gcid-primary-color%22:%91%22header_3_text_color%22%93}\u00bb sticky_enabled=\u00bb0&#8243;]<\/p>\n<h3>Dise\u00f1o mineral funcional<\/h3>\n<p>Montarnite\u00ae proporciona iones esenciales en una estructura equilibrada y alineada con el sistema, apoyando la fisiolog\u00eda del camar\u00f3n sin generar estr\u00e9s adicional en los sistemas biol\u00f3gicos.<\/p>\n<p>[\/et_pb_text][\/et_pb_column][et_pb_column type=\u00bb1_2&#8243; _builder_version=\u00bb4.27.6&#8243; _module_preset=\u00bbdefault\u00bb background_color=\u00bbrgba(255,255,255,0.2)\u00bb border_radii=\u00bbon|30px|30px|30px|30px\u00bb border_width_all=\u00bb1px\u00bb border_color_all=\u00bbgcid-secondary-color\u00bb global_colors_info=\u00bb{%22gcid-secondary-color%22:%91%22border_color_all%22%93}\u00bb][et_pb_image src=\u00bbhttps:\/\/montarnite.demo-meweb.top\/wp-content\/uploads\/2026\/03\/Reasons-Why-Montarnite-2.webp\u00bb title_text=\u00bbRe\u00bb show_bottom_space=\u00bboff\u00bb force_fullwidth=\u00bbon\u00bb _builder_version=\u00bb4.27.6&#8243; _module_preset=\u00bbdefault\u00bb custom_margin=\u00bb||20px||false|false\u00bb global_colors_info=\u00bb{}\u00bb][\/et_pb_image][et_pb_text _builder_version=\u00bb4.27.6&#8243; _module_preset=\u00bbdefault\u00bb header_3_text_color=\u00bbgcid-primary-color\u00bb text_orientation=\u00bbcenter\u00bb background_layout=\u00bbdark\u00bb custom_padding=\u00bb|20px|20px|20px|false|true\u00bb hover_enabled=\u00bb0&#8243; header_3_font_size_tablet=\u00bb20px\u00bb header_3_font_size_phone=\u00bb18px\u00bb header_3_font_size_last_edited=\u00bbon|phone\u00bb global_colors_info=\u00bb{%22gcid-primary-color%22:%91%22header_3_text_color%22%93}\u00bb sticky_enabled=\u00bb0&#8243;]<\/p>\n<h3>La estabilidad del agua como principio fundamental<\/h3>\n<p>La estabilidad del agua como principio fundamental[\/et_pb_text][\/et_pb_column][\/et_pb_row][et_pb_row column_structure=\u00bb1_2,1_2&#8243; use_custom_gutter=\u00bbon\u00bb gutter_width=\u00bb2&#8243; make_equal=\u00bbon\u00bb _builder_version=\u00bb4.27.6&#8243; _module_preset=\u00bbdefault\u00bb custom_padding=\u00bb0px||||false|false\u00bb global_colors_info=\u00bb{}\u00bb][et_pb_column type=\u00bb1_2&#8243; _builder_version=\u00bb4.27.6&#8243; _module_preset=\u00bbdefault\u00bb background_color=\u00bbrgba(255,255,255,0.2)\u00bb border_radii=\u00bbon|30px|30px|30px|30px\u00bb border_width_all=\u00bb1px\u00bb border_color_all=\u00bbgcid-secondary-color\u00bb global_colors_info=\u00bb{%22gcid-secondary-color%22:%91%22border_color_all%22%93}\u00bb][et_pb_image src=\u00bbhttps:\/\/montarnite.demo-meweb.top\/wp-content\/uploads\/2026\/03\/Reasons-Why-Montarnite-3.webp\u00bb show_bottom_space=\u00bboff\u00bb force_fullwidth=\u00bbon\u00bb _builder_version=\u00bb4.27.6&#8243; _module_preset=\u00bbdefault\u00bb custom_margin=\u00bb||20px||false|false\u00bb global_colors_info=\u00bb{}\u00bb][\/et_pb_image][et_pb_text _builder_version=\u00bb4.27.6&#8243; _module_preset=\u00bbdefault\u00bb header_3_text_color=\u00bbgcid-primary-color\u00bb text_orientation=\u00bbcenter\u00bb background_layout=\u00bbdark\u00bb custom_padding=\u00bb|20px|20px|20px|false|true\u00bb hover_enabled=\u00bb0&#8243; header_3_font_size_tablet=\u00bb20px\u00bb header_3_font_size_phone=\u00bb18px\u00bb header_3_font_size_last_edited=\u00bbon|phone\u00bb global_colors_info=\u00bb{%22gcid-primary-color%22:%91%22header_3_text_color%22%93}\u00bb sticky_enabled=\u00bb0&#8243;]<\/p>\n<h3>Apoya la muda y la resistencia del caparaz\u00f3n<\/h3>\n<p>La disponibilidad de magnesio y calcio favorece un proceso de muda adecuado y permite una recuperaci\u00f3n m\u00e1s r\u00e1pida despu\u00e9s de la muda.[\/et_pb_text][\/et_pb_column][et_pb_column type=\u00bb1_2&#8243; _builder_version=\u00bb4.27.6&#8243; _module_preset=\u00bbdefault\u00bb background_color=\u00bbrgba(255,255,255,0.2)\u00bb border_radii=\u00bbon|30px|30px|30px|30px\u00bb border_width_all=\u00bb1px\u00bb border_color_all=\u00bbgcid-secondary-color\u00bb global_colors_info=\u00bb{%22gcid-secondary-color%22:%91%22border_color_all%22%93}\u00bb][et_pb_image src=\u00bbhttps:\/\/montarnite.demo-meweb.top\/wp-content\/uploads\/2026\/03\/Reasons-Why-Montarnite-4.webp\u00bb show_bottom_space=\u00bboff\u00bb force_fullwidth=\u00bbon\u00bb _builder_version=\u00bb4.27.6&#8243; _module_preset=\u00bbdefault\u00bb custom_margin=\u00bb||20px||false|false\u00bb global_colors_info=\u00bb{}\u00bb][\/et_pb_image][et_pb_text _builder_version=\u00bb4.27.6&#8243; _module_preset=\u00bbdefault\u00bb header_3_text_color=\u00bbgcid-primary-color\u00bb text_orientation=\u00bbcenter\u00bb background_layout=\u00bbdark\u00bb custom_padding=\u00bb|20px|20px|20px|false|true\u00bb hover_enabled=\u00bb0&#8243; header_3_font_size_tablet=\u00bb20px\u00bb header_3_font_size_phone=\u00bb18px\u00bb header_3_font_size_last_edited=\u00bbon|phone\u00bb global_colors_info=\u00bb{%22gcid-primary-color%22:%91%22header_3_text_color%22%93}\u00bb sticky_enabled=\u00bb0&#8243;]<\/p>\n<h3>Reduce la dependencia de soluciones reactivas<\/h3>\n<p>Con una estructura mineral estable en el agua, las granjas pueden reducir significativamente la necesidad de tratamientos qu\u00edmicos de emergencia.[\/et_pb_text][\/et_pb_column][\/et_pb_row][\/et_pb_section][et_pb_section fb_built=\u00bb1&#8243; admin_label=\u00bbMontarnite\u00ae is not just a typical mineral input,\u00bb _builder_version=\u00bb4.27.6&#8243; _module_preset=\u00bbdefault\u00bb background_color=\u00bbgcid-heading-color\u00bb background_image=\u00bbhttps:\/\/montarnite.demo-meweb.top\/wp-content\/uploads\/2026\/03\/About-Montarnite-1.webp\u00bb background_position=\u00bbtop_center\u00bb locked=\u00bboff\u00bb global_colors_info=\u00bb{%22gcid-heading-color%22:%91%22background_color%22%93}\u00bb][et_pb_row column_structure=\u00bb1_2,1_2&#8243; use_custom_gutter=\u00bbon\u00bb gutter_width=\u00bb2&#8243; make_equal=\u00bbon\u00bb _builder_version=\u00bb4.27.6&#8243; _module_preset=\u00bbdefault\u00bb global_colors_info=\u00bb{}\u00bb][et_pb_column type=\u00bb1_2&#8243; _builder_version=\u00bb4.27.6&#8243; _module_preset=\u00bbdefault\u00bb global_colors_info=\u00bb{}\u00bb][et_pb_heading title=\u00bbBeneficios a nivel de granja\u00bb admin_label=\u00bbH2&#8243; module_class=\u00bbh-two \u00bb _builder_version=\u00bb4.27.6&#8243; _module_preset=\u00bbdefault\u00bb title_level=\u00bbh2&#8243; title_font=\u00bb||||||||\u00bb title_font_size=\u00bb45px\u00bb title_line_height=\u00bb1.3em\u00bb custom_margin=\u00bb||15px||false|false\u00bb hover_enabled=\u00bb0&#8243; title_font_size_tablet=\u00bb38px\u00bb title_font_size_phone=\u00bb28px\u00bb title_font_size_last_edited=\u00bbon|tablet\u00bb locked=\u00bboff\u00bb global_colors_info=\u00bb{}\u00bb sticky_enabled=\u00bb0&#8243;][\/et_pb_heading][et_pb_blurb image=\u00bbhttps:\/\/montarnite.demo-meweb.top\/wp-content\/uploads\/2026\/03\/check.svg\u00bb icon_placement=\u00bbleft\u00bb image_icon_width=\u00bb32px\u00bb module_class=\u00bbblurbten\u00bb _builder_version=\u00bb4.27.6&#8243; _module_preset=\u00bbdefault\u00bb body_font=\u00bb&#8211;et_global_body_font|500|||||||\u00bb image_icon_custom_margin=\u00bb-3px||||false|false\u00bb background_layout=\u00bbdark\u00bb custom_margin=\u00bb||10px||false|false\u00bb hover_enabled=\u00bb0&#8243; body_font_size_tablet=\u00bb18px\u00bb body_font_size_phone=\u00bb16px\u00bb body_font_size_last_edited=\u00bboff|desktop\u00bb locked=\u00bboff\u00bb global_colors_info=\u00bb{}\u00bb sticky_enabled=\u00bb0&#8243;]Mejora de la estabilidad del agua[\/et_pb_blurb][et_pb_blurb image=\u00bbhttps:\/\/montarnite.demo-meweb.top\/wp-content\/uploads\/2026\/03\/check.svg\u00bb icon_placement=\u00bbleft\u00bb image_icon_width=\u00bb32px\u00bb module_class=\u00bbblurbten\u00bb _builder_version=\u00bb4.27.6&#8243; _module_preset=\u00bbdefault\u00bb body_font=\u00bb&#8211;et_global_body_font|500|||||||\u00bb image_icon_custom_margin=\u00bb-3px||||false|false\u00bb background_layout=\u00bbdark\u00bb custom_margin=\u00bb||10px||false|false\u00bb hover_enabled=\u00bb0&#8243; body_font_size_tablet=\u00bb18px\u00bb body_font_size_phone=\u00bb16px\u00bb body_font_size_last_edited=\u00bboff|desktop\u00bb locked=\u00bboff\u00bb global_colors_info=\u00bb{}\u00bb sticky_enabled=\u00bb0&#8243;]Camarones m\u00e1s fuertes con mayor resistencia al estr\u00e9s[\/et_pb_blurb][et_pb_blurb image=\u00bbhttps:\/\/montarnite.demo-meweb.top\/wp-content\/uploads\/2026\/03\/check.svg\u00bb icon_placement=\u00bbleft\u00bb image_icon_width=\u00bb32px\u00bb module_class=\u00bbblurbten\u00bb _builder_version=\u00bb4.27.6&#8243; _module_preset=\u00bbdefault\u00bb body_font=\u00bb&#8211;et_global_body_font|500|||||||\u00bb image_icon_custom_margin=\u00bb-3px||||false|false\u00bb background_layout=\u00bbdark\u00bb custom_margin=\u00bb||10px||false|false\u00bb hover_enabled=\u00bb0&#8243; body_font_size_tablet=\u00bb18px\u00bb body_font_size_phone=\u00bb16px\u00bb body_font_size_last_edited=\u00bboff|desktop\u00bb locked=\u00bboff\u00bb global_colors_info=\u00bb{}\u00bb sticky_enabled=\u00bb0&#8243;]Muda constante y formaci\u00f3n de caparazones m\u00e1s resistentes[\/et_pb_blurb][et_pb_blurb image=\u00bbhttps:\/\/montarnite.demo-meweb.top\/wp-content\/uploads\/2026\/03\/check.svg\u00bb icon_placement=\u00bbleft\u00bb image_icon_width=\u00bb32px\u00bb module_class=\u00bbblurbten\u00bb _builder_version=\u00bb4.27.6&#8243; _module_preset=\u00bbdefault\u00bb body_font=\u00bb&#8211;et_global_body_font|500|||||||\u00bb image_icon_custom_margin=\u00bb-3px||||false|false\u00bb background_layout=\u00bbdark\u00bb custom_margin=\u00bb||10px||false|false\u00bb hover_enabled=\u00bb0&#8243; body_font_size_tablet=\u00bb18px\u00bb body_font_size_phone=\u00bb16px\u00bb body_font_size_last_edited=\u00bboff|desktop\u00bb locked=\u00bboff\u00bb global_colors_info=\u00bb{}\u00bb sticky_enabled=\u00bb0&#8243;]Crecimiento uniforme en todo el estanque[\/et_pb_blurb][et_pb_blurb image=\u00bbhttps:\/\/montarnite.demo-meweb.top\/wp-content\/uploads\/2026\/03\/check.svg\u00bb icon_placement=\u00bbleft\u00bb image_icon_width=\u00bb32px\u00bb module_class=\u00bbblurbten\u00bb _builder_version=\u00bb4.27.6&#8243; _module_preset=\u00bbdefault\u00bb body_font=\u00bb&#8211;et_global_body_font|500|||||||\u00bb image_icon_custom_margin=\u00bb-3px||||false|false\u00bb background_layout=\u00bbdark\u00bb custom_margin=\u00bb||10px||false|false\u00bb hover_enabled=\u00bb0&#8243; body_font_size_tablet=\u00bb18px\u00bb body_font_size_phone=\u00bb16px\u00bb body_font_size_last_edited=\u00bboff|desktop\u00bb locked=\u00bboff\u00bb global_colors_info=\u00bb{}\u00bb sticky_enabled=\u00bb0&#8243;]Mayores tasas de supervivencia[\/et_pb_blurb][et_pb_blurb image=\u00bbhttps:\/\/montarnite.demo-meweb.top\/wp-content\/uploads\/2026\/03\/check.svg\u00bb icon_placement=\u00bbleft\u00bb image_icon_width=\u00bb32px\u00bb module_class=\u00bbblurbten\u00bb _builder_version=\u00bb4.27.6&#8243; _module_preset=\u00bbdefault\u00bb body_font=\u00bb&#8211;et_global_body_font|500|||||||\u00bb image_icon_custom_margin=\u00bb-3px||||false|false\u00bb background_layout=\u00bbdark\u00bb custom_margin=\u00bb||10px||false|false\u00bb hover_enabled=\u00bb0&#8243; body_font_size_tablet=\u00bb18px\u00bb body_font_size_phone=\u00bb16px\u00bb body_font_size_last_edited=\u00bboff|desktop\u00bb locked=\u00bboff\u00bb global_colors_info=\u00bb{}\u00bb sticky_enabled=\u00bb0&#8243;]Mejor eficiencia de costos a largo plazo[\/et_pb_blurb][et_pb_text _builder_version=\u00bb4.27.6&#8243; _module_preset=\u00bbdefault\u00bb background_layout=\u00bbdark\u00bb hover_enabled=\u00bb0&#8243; locked=\u00bboff\u00bb global_colors_info=\u00bb{}\u00bb sticky_enabled=\u00bb0&#8243;]Montarnite\u00ae permite a los productores gestionar sus sistemas de manera proactiva, alej\u00e1ndose de la resoluci\u00f3n reactiva de problemas y redefiniendo la forma en que tradicionalmente se ha abordado el equilibrio mineral en la acuicultura.[\/et_pb_text][\/et_pb_column][et_pb_column type=\u00bb1_2&#8243; _builder_version=\u00bb4.27.6&#8243; _module_preset=\u00bbdefault\u00bb background_image=\u00bbhttps:\/\/montarnite.demo-meweb.top\/wp-content\/uploads\/2026\/03\/Farm-Level-Benefits.webp\u00bb border_radii=\u00bbon|30px|30px|30px|30px\u00bb global_colors_info=\u00bb{}\u00bb][et_pb_divider color=\u00bbRGBA(255,255,255,0)\u00bb _builder_version=\u00bb4.27.6&#8243; _module_preset=\u00bbdefault\u00bb height_tablet=\u00bb400px\u00bb height_phone=\u00bb200px\u00bb height_last_edited=\u00bbon|phone\u00bb global_colors_info=\u00bb{}\u00bb][\/et_pb_divider][\/et_pb_column][\/et_pb_row][\/et_pb_section]<\/p>\n","protected":false},"excerpt":{"rendered":"<p>Dise\u00f1o mineral funcional Montarnite\u00ae proporciona iones esenciales en una estructura equilibrada y alineada con el sistema, apoyando la fisiolog\u00eda del camar\u00f3n sin generar estr\u00e9s adicional en los sistemas biol\u00f3gicos.La estabilidad del agua como principio fundamental La estabilidad del agua como principio fundamentalApoya la muda y la resistencia del caparaz\u00f3n La disponibilidad de magnesio y calcio [&hellip;]<\/p>\n","protected":false},"author":1,"featured_media":689,"parent":0,"menu_order":0,"comment_status":"closed","ping_status":"closed","template":"","meta":{"_et_pb_use_builder":"on","_et_pb_old_content":"","_et_gb_content_width":"","footnotes":""},"difl_page_category":[],"class_list":["post-829","page","type-page","status-publish","has-post-thumbnail","hentry"],"aioseo_notices":[],"_links":{"self":[{"href":"https:\/\/montarnite.demo-meweb.top\/es\/wp-json\/wp\/v2\/pages\/829","targetHints":{"allow":["GET"]}}],"collection":[{"href":"https:\/\/montarnite.demo-meweb.top\/es\/wp-json\/wp\/v2\/pages"}],"about":[{"href":"https:\/\/montarnite.demo-meweb.top\/es\/wp-json\/wp\/v2\/types\/page"}],"author":[{"embeddable":true,"href":"https:\/\/montarnite.demo-meweb.top\/es\/wp-json\/wp\/v2\/users\/1"}],"replies":[{"embeddable":true,"href":"https:\/\/montarnite.demo-meweb.top\/es\/wp-json\/wp\/v2\/comments?post=829"}],"version-history":[{"count":2,"href":"https:\/\/montarnite.demo-meweb.top\/es\/wp-json\/wp\/v2\/pages\/829\/revisions"}],"predecessor-version":[{"id":1008,"href":"https:\/\/montarnite.demo-meweb.top\/es\/wp-json\/wp\/v2\/pages\/829\/revisions\/1008"}],"wp:featuredmedia":[{"embeddable":true,"href":"https:\/\/montarnite.demo-meweb.top\/es\/wp-json\/wp\/v2\/media\/689"}],"wp:attachment":[{"href":"https:\/\/montarnite.demo-meweb.top\/es\/wp-json\/wp\/v2\/media?parent=829"}],"wp:term":[{"taxonomy":"difl_page_category","embeddable":true,"href":"https:\/\/montarnite.demo-meweb.top\/es\/wp-json\/wp\/v2\/difl_page_category?post=829"}],"curies":[{"name":"wp","href":"https:\/\/api.w.org\/{rel}","templated":true}]}}